{"id":532,"date":"2016-11-26T14:19:20","date_gmt":"2016-11-26T11:19:20","guid":{"rendered":"http:\/\/dev.websystems.ee\/arenduskeskused.ee\/organisatsiooni-asutamine\/?lang=en"},"modified":"2018-09-04T16:08:52","modified_gmt":"2018-09-04T13:08:52","slug":"founding-an-organisation","status":"publish","type":"page","link":"https:\/\/www.mtyabi.ee\/en\/about\/founding-an-organisation\/","title":{"rendered":"Organisatsiooni asutamine"},"content":{"rendered":"<p><strong>Kui on soov oma tegutsemisvaldkonnas v\u00f5i kodukohas asju paremaks teha, tasub otsida samade v\u00e4\u00e4rtuste eest seisvaid m\u00f5ttekaaslasi juba tegutsevast kodaniku\u00fchendusest v\u00f5i luua \u00fchiselt uus. Kas luua mittetulundus\u00fching, sihtasutus v\u00f5i seltsing, s\u00f5ltub \u00fchiselt tegutsemise eesm\u00e4rkidest.<\/strong><\/p>\n<p><strong>K\u00f5igepealt arutage m\u00f5ttekaaslastega ideed l\u00e4bi ning vastake m\u00f5nele k\u00fcsimusele:<\/strong><\/p>\n<ul>\n<li>milles seisneb koost\u00f6\u00f6vajadus ja \u00fchine huvi?<\/li>\n<li>kui p\u00fcsiv see vajadus ja huvi on?<\/li>\n<li>mis on \u00fchise tegutsemise eesm\u00e4rk?<\/li>\n<li>kas keegi juba tegeleb selle eesm\u00e4rgi saavutamisega teie valdkonnas v\u00f5i kodukohas ja kas temaga on v\u00f5imalik koost\u00f6\u00f6d teha?<\/li>\n<\/ul>\n<p>Kui olete \u00fcheskoos vastusteni j\u00f5udnud, saate otsustada, kas luua uus \u00fchendus v\u00f5i teha koost\u00f6\u00f6d juba tegutsevaga. Tutvuge ka uue asutamise ja olemasoleva kodaniku\u00fchendusega liitumise <a href=\"\/?page_id=1142\">plusse-miinuseid<\/a>.<\/p>\n<p><strong>Kui otsustate asutada uue \u00fchenduse, on teil valida kolme liiki tegutsemisvormi vahel:<\/strong><\/p>\n<ul>\n<li><strong>Mittetulundus\u00fching <\/strong>(<strong>MT\u00dc)<\/strong> on isikute vaba \u00fchendus, kes tegutseb mingi \u00fchise eesm\u00e4rgi saavutamiseks. Mittetulundus\u00fchingul on liikmed ja k\u00f5rgeimaks v\u00f5imuorganiks on liikmete \u00fcldkoosolek. <strong><a href=\"\/?page_id=1243\">Loe, kuidas asutada mittetulundus\u00fchingut.<\/a><\/strong><\/li>\n<li><strong>Sihtasutus<\/strong>\u00a0(SA) on loodud vara valitsemiseks ja kasutamiseks ning sellel ei ole liikmeid. Sihtasutuses teevad olulisi otsuseid sihtasutuse n\u00f5ukogu ja asutajad, kui neil on selleks volitused.\u00a0<strong><a href=\"\/?page_id=1245\">Loe, kuidas asutada sihtasutust.<\/a><\/strong><\/li>\n<li><strong>Seltsingus<\/strong> tegutsevad seltsinglased \u00fchise eesm\u00e4rgi saavutamise nimel, eelk\u00f5ige v\u00f5rdselt panustades, kuid erinevalt mittetulundus\u00fchingust v\u00f5i sihtasutusest ei ole seltsing juriidiline isik. Seltsingut juhivad seltsinglased omavaheliste kokkulepete kohaselt. Seltsingu tegevust reguleerib v\u00f5la\u00f5igusseadus.\u00a0<strong><a href=\"\/?page_id=1246\">Loe, kuidas asutada seltsingut.<\/a><\/strong><\/li>\n<\/ul>\n","protected":false},"excerpt":{"rendered":"<p>Kui on soov oma tegutsemisvaldkonnas v\u00f5i kodukohas asju paremaks teha, tasub otsida samade v\u00e4\u00e4rtuste eest seisvaid m\u00f5ttekaaslasi juba tegutsevast kodaniku\u00fchendusest v\u00f5i luua \u00fchiselt uus. Kas luua mittetulundus\u00fching, sihtasutus v\u00f5i seltsing, s\u00f5ltub \u00fchiselt tegutsemise eesm\u00e4rkidest. K\u00f5igepealt arutage m\u00f5ttekaaslastega ideed l\u00e4bi ning vastake m\u00f5nele k\u00fcsimusele: milles seisneb koost\u00f6\u00f6vajadus ja \u00fchine huvi? kui p\u00fcsiv see vajadus ja huvi [&hellip;]<\/p>\n","protected":false},"author":27,"featured_media":0,"parent":930,"menu_order":2,"comment_status":"closed","ping_status":"closed","template":"","meta":{"footnotes":""},"_links":{"self":[{"href":"https:\/\/www.mtyabi.ee\/en\/wp-json\/wp\/v2\/pages\/532"}],"collection":[{"href":"https:\/\/www.mtyabi.ee\/en\/wp-json\/wp\/v2\/pages"}],"about":[{"href":"https:\/\/www.mtyabi.ee\/en\/wp-json\/wp\/v2\/types\/page"}],"author":[{"embeddable":true,"href":"https:\/\/www.mtyabi.ee\/en\/wp-json\/wp\/v2\/users\/27"}],"replies":[{"embeddable":true,"href":"https:\/\/www.mtyabi.ee\/en\/wp-json\/wp\/v2\/comments?post=532"}],"version-history":[{"count":21,"href":"https:\/\/www.mtyabi.ee\/en\/wp-json\/wp\/v2\/pages\/532\/revisions"}],"predecessor-version":[{"id":3584,"href":"https:\/\/www.mtyabi.ee\/en\/wp-json\/wp\/v2\/pages\/532\/revisions\/3584"}],"up":[{"embeddable":true,"href":"https:\/\/www.mtyabi.ee\/en\/wp-json\/wp\/v2\/pages\/930"}],"wp:attachment":[{"href":"https:\/\/www.mtyabi.ee\/en\/wp-json\/wp\/v2\/media?parent=532"}],"curies":[{"name":"wp","href":"https:\/\/api.w.org\/{rel}","templated":true}]}}