{"id":533,"date":"2016-11-26T14:13:38","date_gmt":"2016-11-26T11:13:38","guid":{"rendered":"http:\/\/dev.websystems.ee\/arenduskeskused.ee\/organisatsiooni-arendamine\/?lang=en"},"modified":"2024-03-28T13:21:41","modified_gmt":"2024-03-28T10:21:41","slug":"rahastamine","status":"publish","type":"page","link":"https:\/\/www.mtyabi.ee\/en\/about\/rahastamine\/","title":{"rendered":"\u00dchingu eesm\u00e4rkide rahastamine"},"content":{"rendered":"<p><strong>\u00dchingutel on oma tegevuste rahastamiseks mitmeid v\u00f5imalusi. V\u00f5ib kehtestada liikmemaksu, teenida omatulu, taotleda toetusi, koguda annetusi, k\u00fcsida sponsorlust. J\u00e4rjepidevuse tagamiseks on hea, kui \u00fchendus planeerib oma tegevuste rahastamiseks erinevaid v\u00f5imalusi.<\/strong><\/p>\n<p><a href=\"https:\/\/www.riigiteataja.ee\/akt\/13278757?leiaKehtiv\">Mittetulundus\u00fchingute seadus<\/a> \u00fctleb, et mittetulundus\u00fchingu tulu v\u00f5ib kasutada \u00fcksnes p\u00f5hikirjaliste eesm\u00e4rkide saavutamiseks ehk tulu tuleb suunata tagasi MT\u00dc tegevusse ja arengusse.<\/p>\n<p><a href=\"https:\/\/www.riigiteataja.ee\/akt\/834163?leiaKehtiv\" target=\"_blank\" rel=\"noopener noreferrer\">Sihtasutuste seaduses<\/a> ei ole s\u00e4testatud SA tulude v\u00f5imalikke allikaid, kuid seadus lubab tulusid kasutada vaid p\u00f5hikirjaliste eesm\u00e4rkide saavutamiseks. Lisaks peab SA p\u00f5hikiri reguleerima sihtasutusele vara \u00fcleandmise korra ning vara kasutamise ja k\u00e4sutamise korra.<\/p>\n<p><strong>Tegevuste rahastamise v\u00f5imalused:<\/strong><\/p>\n<ul>\n<li><strong><a href=\"https:\/\/www.makis.ee\/nouanded\/rahastamine\/liikmemaksud\/\">Liikmemaksud<\/a>\u00a0<\/strong>&#8211; mittetulundus\u00fchingute liikmetelt kogutavad sisseastumis- ja liikmemaksud (ei kehti SA-dele).<\/li>\n<li><a href=\"https:\/\/www.makis.ee\/nouanded\/rahastamine\/omatulu-teenimine\/\"><strong>Omatulu teenimine<\/strong><\/a> &#8211; toodete ja\/v\u00f5i (avalike) teenuste m\u00fc\u00fcgist saadav tulu. \u00dcks omatulu teenimise vorme on ka kogukonnateenuste pakkumine. Need on teenused, mis ei \u00fcleta turun\u00f5udlust, aga kogukonnal on nende j\u00e4rele vajadus.<\/li>\n<li><a href=\"https:\/\/www.makis.ee\/nouanded\/rahastamine\/riigieelarveline-toetus\/\"><strong>Kohaliku omavalitsuse toetus<\/strong><\/a> &#8211; kohalikud omavalitsused pakuvad erinevat liiki toetuseid. Milliseid toetusi just sinu kodukohas pakutakse, saad teada oma valla- v\u00f5i linnavalitsusest ning nende veebilehtedelt.<\/li>\n<li><a href=\"https:\/\/www.makis.ee\/nouanded\/rahastamine\/riigieelarveline-toetus\/\"><strong>Riigieelarveline toetus<\/strong><\/a> &#8211; riigieelarvelistest vahenditest antav tegevus- ja\/v\u00f5i projektitoetus.<\/li>\n<li><strong><a href=\"https:\/\/www.makis.ee\/nouanded\/rahastamine\/projektitoetused\/\">Projektitoetus<\/a>\u00a0<\/strong>&#8211; kindla eesm\u00e4rgi saavutamiseks taotletav toetus.<\/li>\n<li><strong><a href=\"https:\/\/www.makis.ee\/nouanded\/rahastamine\/annetused\/\">Annetused<\/a>\u00a0<\/strong>&#8211; kingitus (rahaline v\u00f5i muu), millega ei kaasne kohustusi. Annetajaks saab olla nii era- kui juriidiline isik (ettev\u00f5te, organisatsioon).<\/li>\n<li><strong><a href=\"https:\/\/www.makis.ee\/nouanded\/rahastamine\/sponsorlus\/\">Sponsorlus<\/a>\u00a0<\/strong>&#8211; vastastikusel kasul p\u00f5hinev tegevus, milles \u00fcks pool pakub lepingu alusel rahastamist v\u00f5i teistsugust toetust (eesm\u00e4rgiks enamasti nime, kaubam\u00e4rgi, maine edendamine) ning teine pool viib selle toel ellu mingi tegevuse v\u00f5i \u00fcrituse, reklaamides seejuures sponsorit, n\u00e4idates tema br\u00e4ndi ja v\u00f5imalusel konkreetseid tooteid.<\/li>\n<\/ul>\n","protected":false},"excerpt":{"rendered":"<p>\u00dchingutel on oma tegevuste rahastamiseks mitmeid v\u00f5imalusi. V\u00f5ib kehtestada liikmemaksu, teenida omatulu, taotleda toetusi, koguda annetusi, k\u00fcsida sponsorlust. J\u00e4rjepidevuse tagamiseks on hea, kui \u00fchendus planeerib oma tegevuste rahastamiseks erinevaid v\u00f5imalusi. Mittetulundus\u00fchingute seadus \u00fctleb, et mittetulundus\u00fchingu tulu v\u00f5ib kasutada \u00fcksnes p\u00f5hikirjaliste eesm\u00e4rkide saavutamiseks ehk tulu tuleb suunata tagasi MT\u00dc tegevusse ja arengusse. Sihtasutuste seaduses ei ole [&hellip;]<\/p>\n","protected":false},"author":51,"featured_media":0,"parent":930,"menu_order":4,"comment_status":"closed","ping_status":"closed","template":"","meta":{"footnotes":""},"_links":{"self":[{"href":"https:\/\/www.mtyabi.ee\/en\/wp-json\/wp\/v2\/pages\/533"}],"collection":[{"href":"https:\/\/www.mtyabi.ee\/en\/wp-json\/wp\/v2\/pages"}],"about":[{"href":"https:\/\/www.mtyabi.ee\/en\/wp-json\/wp\/v2\/types\/page"}],"author":[{"embeddable":true,"href":"https:\/\/www.mtyabi.ee\/en\/wp-json\/wp\/v2\/users\/51"}],"replies":[{"embeddable":true,"href":"https:\/\/www.mtyabi.ee\/en\/wp-json\/wp\/v2\/comments?post=533"}],"version-history":[{"count":12,"href":"https:\/\/www.mtyabi.ee\/en\/wp-json\/wp\/v2\/pages\/533\/revisions"}],"predecessor-version":[{"id":7167,"href":"https:\/\/www.mtyabi.ee\/en\/wp-json\/wp\/v2\/pages\/533\/revisions\/7167"}],"up":[{"embeddable":true,"href":"https:\/\/www.mtyabi.ee\/en\/wp-json\/wp\/v2\/pages\/930"}],"wp:attachment":[{"href":"https:\/\/www.mtyabi.ee\/en\/wp-json\/wp\/v2\/media?parent=533"}],"curies":[{"name":"wp","href":"https:\/\/api.w.org\/{rel}","templated":true}]}}