{"id":537,"date":"2016-11-25T18:05:24","date_gmt":"2016-11-25T15:05:24","guid":{"rendered":"http:\/\/dev.websystems.ee\/arenduskeskused.ee\/organisatsiooni-arendamine\/arengu-noustamine\/?lang=en"},"modified":"2023-04-28T14:49:19","modified_gmt":"2023-04-28T11:49:19","slug":"riigieelarveline-toetus","status":"publish","type":"page","link":"https:\/\/www.mtyabi.ee\/en\/about\/rahastamine\/riigieelarveline-toetus\/","title":{"rendered":"Riigieelarveline ja KOVide toetus"},"content":{"rendered":"<p><strong>Kohalikud omavalitsused (KOV) on kehtestanud m\u00e4\u00e4rused\/korrad, mille alusel vaba\u00fchendusi toetatakse. Leiad need tavaliselt oma kohaliku omavalitsuse kodulehelt. On ka neid omavalitsusi, kes toetavad\u00a0seltsingute tegevust.<\/strong><\/p>\n<p>Toetused jagunevad peamiselt:<\/p>\n<ul>\n<li>tegevustoetuseks;<\/li>\n<li>projektitoetuseks.<\/li>\n<\/ul>\n<p>Projektitoetuste jaotusest v\u00f5ib vastavalt eesm\u00e4rkidele leida ka nimetusi:<\/p>\n<ul>\n<li>\u00fchekordsete tegevuste toetus (\u00fcrituste, v\u00f5istluste jne korraldamine);<\/li>\n<li>projekti omaosaluse tasumine;<\/li>\n<li>projekti kaasfinantseering;<\/li>\n<li>investeerimistoetus objektide korrastamiseks, ehitamiseks, vahendite soetamiseks;<\/li>\n<li>esinduskollektiivide, -v\u00f5istkondade ja esindus\u00fcrituste toetus.<\/li>\n<\/ul>\n<p>KOV v\u00f5ib toetada \u00fchendusi ka mitterahaliselt. N\u00e4iteks anda tasuta kasutamiseks ruume, t\u00f6\u00f6vahendeid, transporti vms.<\/p>\n<blockquote><p>Vaata ka kokkuv\u00f5tet K\u00dcSKi tellitud <a href=\"https:\/\/kysk.ee\/uuring-vabauhenduste-rahastamine-kohalikes-omavalitsustes-on-muutunud-labipaistvamaks\/\" target=\"_blank\" rel=\"noopener noreferrer\">KOV-ide vaba\u00fchenduste rahastamise 2020. aasta uuringust<\/a>, mis annab \u00fcle-eestilise pildi rahastusv\u00f5imalustest kohalikul tasandil.<\/p><\/blockquote>\n<p><strong>Riigieelarveline toetus <\/strong>on ministeeriumite ja nende allasutuste (<a href=\"https:\/\/kysk.ee\">K\u00dcSK<\/a>, <a href=\"https:\/\/www.rtk.ee\">RTK<\/a> jne) poolt riigieelarvelistest vahenditest antav tegevus- ja\/v\u00f5i projektitoetus.<\/p>\n","protected":false},"excerpt":{"rendered":"<p>Kohalikud omavalitsused (KOV) on kehtestanud m\u00e4\u00e4rused\/korrad, mille alusel vaba\u00fchendusi toetatakse. Leiad need tavaliselt oma kohaliku omavalitsuse kodulehelt. On ka neid omavalitsusi, kes toetavad\u00a0seltsingute tegevust. Toetused jagunevad peamiselt: tegevustoetuseks; projektitoetuseks. Projektitoetuste jaotusest v\u00f5ib vastavalt eesm\u00e4rkidele leida ka nimetusi: \u00fchekordsete tegevuste toetus (\u00fcrituste, v\u00f5istluste jne korraldamine); projekti omaosaluse tasumine; projekti kaasfinantseering; investeerimistoetus objektide korrastamiseks, ehitamiseks, vahendite soetamiseks; [&hellip;]<\/p>\n","protected":false},"author":51,"featured_media":0,"parent":533,"menu_order":4,"comment_status":"closed","ping_status":"closed","template":"","meta":{"footnotes":""},"_links":{"self":[{"href":"https:\/\/www.mtyabi.ee\/en\/wp-json\/wp\/v2\/pages\/537"}],"collection":[{"href":"https:\/\/www.mtyabi.ee\/en\/wp-json\/wp\/v2\/pages"}],"about":[{"href":"https:\/\/www.mtyabi.ee\/en\/wp-json\/wp\/v2\/types\/page"}],"author":[{"embeddable":true,"href":"https:\/\/www.mtyabi.ee\/en\/wp-json\/wp\/v2\/users\/51"}],"replies":[{"embeddable":true,"href":"https:\/\/www.mtyabi.ee\/en\/wp-json\/wp\/v2\/comments?post=537"}],"version-history":[{"count":11,"href":"https:\/\/www.mtyabi.ee\/en\/wp-json\/wp\/v2\/pages\/537\/revisions"}],"predecessor-version":[{"id":7174,"href":"https:\/\/www.mtyabi.ee\/en\/wp-json\/wp\/v2\/pages\/537\/revisions\/7174"}],"up":[{"embeddable":true,"href":"https:\/\/www.mtyabi.ee\/en\/wp-json\/wp\/v2\/pages\/533"}],"wp:attachment":[{"href":"https:\/\/www.mtyabi.ee\/en\/wp-json\/wp\/v2\/media?parent=537"}],"curies":[{"name":"wp","href":"https:\/\/api.w.org\/{rel}","templated":true}]}}