{"id":590,"date":"2016-11-23T13:56:03","date_gmt":"2016-11-23T10:56:03","guid":{"rendered":"http:\/\/dev.websystems.ee\/arenduskeskused.ee\/organisatsiooni-tegevusvoimekuse-kasvatamine\/juhtimise-korraldamine\/kommunikatsiooni-plaan\/?lang=en"},"modified":"2026-03-05T18:57:18","modified_gmt":"2026-03-05T15:57:18","slug":"arhiveerimine","status":"publish","type":"page","link":"https:\/\/www.mtyabi.ee\/en\/about\/juhtimine\/arhiveerimine\/","title":{"rendered":"Arhiveerimine"},"content":{"rendered":"<p><strong>Arhiiv tagab \u00fchingu ajaloo s\u00e4ilimise, v\u00f5imaldab uutel juhatuse liikmetel, ka uurijatel ja huvilistel, saada kergesti teavet juhtimisotsustest ja tegevust iseloomustavatest materjalidest. Arhiivi loomisel soovitame l\u00e4htuda algse korra austamise p\u00f5him\u00f5ttest (p\u00e4ritolup\u00f5him\u00f5tte sisemine aspekt ehk\u00a0<em>principle of original order; Registraturprinzip<\/em>), mille kohaselt\u00a0s\u00e4ilitatakse arhiivi korrastamisel kord ja liigituss\u00fcsteem, mille see sai arhiivimoodustaja asjaajamise v\u00f5i tegevuse k\u00e4igus.<\/strong><\/p>\n<p>Kui dokumente hoitakse selle p\u00f5him\u00f5tte kohaselt, peegelduvad neis organisatsiooni tegevused ja olemus k\u00f5ige paremini.<\/p>\n<p>&nbsp;<\/p>\n<h2>Millest alustada, kui \u00fchingul seni puudub arhiiv?<\/h2>\n<p>1. Koguge kokku k\u00f5ik dokumendid, mis on \u00fchingu juhtimises osalenud inimeste kodudes, isiklikes arvutites, andmekandjatel v\u00f5i \u00fchingu b\u00fcroos.<\/p>\n<p>2. Jagage dokumendid n\u00e4iteks allpool n\u00e4idises olevate liikide kaupa. Vajadusel v\u00f5ib alaliike juurde lisada.<\/p>\n<p style=\"padding-left: 60px;\"><strong>N\u00e4idis: Dokumentide liigid<\/strong><\/p>\n<p style=\"padding-left: 60px;\"><strong>1. P\u00f5hidokumendid<\/strong><br \/>\n1.1. Asutamine<br \/>\n1.2. P\u00f5hikiri (+redaktsioonid)<br \/>\n1.3. Liikmed (nimekiri, avalduse vormid, avaldused)<br \/>\n1.4. Register (kandeavaldused, otsused)<\/p>\n<p style=\"padding-left: 60px;\"><strong>2. Juhtimine<\/strong><br \/>\n2.1. \u00dcldkoosolek (kokkukutsumise teade, p\u00e4evakord, osalejate nimekiri, protokoll)<br \/>\n2.2. Juhatus<\/p>\n<p style=\"padding-left: 60px;\"><strong>3. Tegevused<\/strong><br \/>\n3.1. (\u00dchingu) arengukava (struktuuri dokumendid)<br \/>\n3.2. \u00dcritused, s\u00fcndmused (m\u00f5tle ise mis on vaja dokumenteerida)<br \/>\n3.3. Projektid<\/p>\n<p style=\"padding-left: 60px;\"><strong>4. Finantsid<br \/>\n<\/strong>4.1. Eelarved<br \/>\n4.2. Raamatupidamise dokumendid, sise-eeskirjad, arved jne<br \/>\n4.3. Lepingud<br \/>\n4.4. Majandusaasta aruanded (revisjonikomisjoni aruanne)<\/p>\n<p style=\"padding-left: 60px;\"><strong>5. Vajadusel j\u00e4tkake loetelu&#8230;<\/strong><\/p>\n<p>3. Koostage oma arhiivijuhend &#8211; dokumentide loetelu, kus m\u00e4rgitud dokumentide nimetused, s\u00e4ilitamist\u00e4htajad ning arhiveerimismapi\/kausta\/karbi t\u00e4hised (allpool olevas n\u00e4idises= funktsioon)<\/p>\n<p><em>Dokumentide loetelu n\u00e4idis<\/em><\/p>\n<div class=\"makis\">\n<table class=\"makis\">\n<tbody>\n<tr style=\"height: 28px;\">\n<th style=\"height: 28px; width: 426px;\">T\u00c4HIS<\/th>\n<th style=\"height: 28px; width: 23px;\">SARJA NIMETUS<\/th>\n<th style=\"height: 28px; width: 23px;\">S\u00c4ILITUST\u00c4HTAEG<\/th>\n<th style=\"height: 28px; width: 23px;\">JUURDEP\u00c4\u00c4SUPIIRANG<\/th>\n<th style=\"height: 28px; width: 269px;\">M\u00c4RKUSED<\/th>\n<\/tr>\n<tr style=\"height: 28px;\">\n<td style=\"height: 28px; width: 426px;\"><strong>Funktsioon 1<\/strong><\/td>\n<td style=\"height: 28px; width: 23px;\" colspan=\"4\"><strong>MT\u00dc t\u00f6\u00f6 korraldamine<\/strong><\/td>\n<\/tr>\n<tr style=\"height: 28px;\">\n<td style=\"height: 28px; width: 426px;\">1-1<\/td>\n<td style=\"height: 28px; width: 23px;\">Asutamis- ja registreerimisdokumendid; \u00c4riregistriga seotud dokumendid (s.h. Muudatused koos lisadokumentidega)<\/td>\n<td style=\"height: 28px; width: 23px;\">alatine<\/td>\n<td style=\"height: 28px; width: 23px;\"><\/td>\n<td style=\"height: 28px; width: 269px;\"><\/td>\n<\/tr>\n<tr style=\"height: 28px;\">\n<td style=\"height: 28px; width: 426px;\">1-2<\/td>\n<td style=\"height: 28px; width: 23px;\">\u00dcldkoosolekute protokollid<\/td>\n<td style=\"height: 28px; width: 23px;\">alatine<\/td>\n<td style=\"height: 28px; width: 23px;\"><\/td>\n<td style=\"height: 28px; width: 269px;\"><\/td>\n<\/tr>\n<tr style=\"height: 28px;\">\n<td style=\"height: 28px; width: 426px;\">1-3<\/td>\n<td style=\"height: 28px; width: 23px;\">Majandusaasta aruanded<\/td>\n<td style=\"height: 28px; width: 23px;\">7 aastat<\/td>\n<td style=\"height: 28px; width: 23px;\"><\/td>\n<td style=\"height: 28px; width: 269px;\"><\/td>\n<\/tr>\n<tr style=\"height: 28px;\">\n<td style=\"height: 28px; width: 426px;\">1-4<\/td>\n<td style=\"height: 28px; width: 23px;\">T\u00f6\u00f6sisekorraeeskirjad<\/td>\n<td style=\"height: 28px; width: 23px;\">7 aastat<\/td>\n<td style=\"height: 28px; width: 23px;\"><\/td>\n<td style=\"height: 28px; width: 269px;\"><\/td>\n<\/tr>\n<tr style=\"height: 28px;\">\n<td style=\"height: 28px; width: 426px;\">1-5<\/td>\n<td style=\"height: 28px; width: 23px;\">Raamatupidamise sise-eeskirjad<\/td>\n<td style=\"height: 28px; width: 23px;\">7 aastat<\/td>\n<td style=\"height: 28px; width: 23px;\"><\/td>\n<td style=\"height: 28px; width: 269px;\"><\/td>\n<\/tr>\n<tr style=\"height: 28px;\">\n<td style=\"height: 28px; width: 426px;\">1-6<\/td>\n<td style=\"height: 28px; width: 23px;\">Arengukavad<\/td>\n<td style=\"height: 28px; width: 23px;\">alatine<\/td>\n<td style=\"height: 28px; width: 23px;\"><\/td>\n<td style=\"height: 28px; width: 269px;\"><\/td>\n<\/tr>\n<tr style=\"height: 28px;\">\n<td style=\"height: 28px; width: 426px;\">1-7<\/td>\n<td style=\"height: 28px; width: 23px;\">Tegevuskavad (aastap\u00f5hised), aruanded<\/td>\n<td style=\"height: 28px; width: 23px;\">alatine<\/td>\n<td style=\"height: 28px; width: 23px;\"><\/td>\n<td style=\"height: 28px; width: 269px;\"><\/td>\n<\/tr>\n<tr style=\"height: 28px;\">\n<td style=\"height: 28px; width: 426px;\">1-8<\/td>\n<td style=\"height: 28px; width: 23px;\">Voli- ja garantiikirjad<\/td>\n<td style=\"height: 28px; width: 23px;\">7 aastat<\/td>\n<td style=\"height: 28px; width: 23px;\"><\/td>\n<td style=\"height: 28px; width: 269px;\"><\/td>\n<\/tr>\n<tr style=\"height: 28px;\">\n<td style=\"height: 28px; width: 426px;\"><strong>Funktsioon 2<\/strong><\/td>\n<td style=\"height: 28px; width: 23px;\" colspan=\"4\"><strong>J\u00e4tka sobivate funktsioonidega<\/strong><\/td>\n<\/tr>\n<\/tbody>\n<\/table>\n<\/div>\n<p>&nbsp;<\/p>\n<p>4. Sorteerige liikides asuvad dokumendid aastate kaupa. J\u00e4rjestage.<\/p>\n<p>5. Korrastage dokumendid<\/p>\n<p>Kindlasti kontrollige \u00fcle iga \u00fcksiku paberdokumendi vormistus, nt kuup\u00e4ev, aasta, koostaja, miks ja kellele on dokument loodud. Puuduvad kuup\u00e4evad v\u00f5i olulised andmed leia ja lisa dokumendile Rahvusarhiivi soovitusel pehme grafiitpliiatsiga parempoolsesse \u00fclanurka.<\/p>\n<p>Olulised digitaalsed dokumendid printige v\u00e4lja (eriti arvestades kiirelt muutuvaid tagasip\u00f6\u00f6rdumatuid arvutiseadmeid). Hea variant on m\u00e4lupulk, kuhu salvestage dokumendid pdf formaadis.<\/p>\n<p>6. M\u00e4\u00e4rake juhatuse liige, kelle \u00fclesandeks j\u00e4\u00e4b edaspidi arhiveerimine.<\/p>\n<p>7. NB! Arhiveerige m\u00f6\u00f6dunud aasta dokumendid, mida igap\u00e4evaselt uuel aastal vaja ei ole, kohe j\u00e4rgmisel aastal.<\/p>\n<p>&nbsp;<\/p>\n<p><strong>Abiks on &#8230;<\/strong><\/p>\n<ul>\n<li>materjalid , mille leiate <a href=\"http:\/\/www.ra.ee\/arhiivihaldus\/juhised\/\" target=\"_blank\" rel=\"noopener noreferrer\">Rahvusarhiivi<\/a> veebilehel avaldatud juhistes asutustele. Siin on v\u00f5imalik lugeda arhiivinduse alusp\u00f5him\u00f5tetest, digitaalarhiivindusest, m\u00f5istetest s\u00f5nastikuna, lisajuhistest.<\/li>\n<li>T\u00e4psemalt Rahvusarhiivi osas <a href=\"http:\/\/www.ra.ee\/wp-content\/uploads\/2016\/06\/mittetulundus.pdf\" target=\"_blank\" rel=\"noopener noreferrer\">Mittetulundus\u00fchingute arhiivid<\/a><\/li>\n<\/ul>\n<p>&nbsp;<\/p>\n<h2>Loe veel dokumentide s\u00e4ilitamist\u00e4htaegadest<\/h2>\n<h3>S\u00e4ilitust\u00e4htajad<\/h3>\n<p>Dokumendi s\u00e4ilitust\u00e4htaeg kehtestatakse koosk\u00f5las \u00f5igusaktidega ning l\u00e4htudes ettev\u00f5tte praktilisest vajadusest. Enam kasutatud s\u00e4ilitust\u00e4htajad on 3 aastat, 5 aastat, 7 aastat, 10 aastat, 55 aastat ja alatine. S\u00e4ilitust\u00e4htaegu ei s\u00e4testa arhiiviseadus ega \u2013eeskiri.<\/p>\n<ul>\n<li><a href=\"https:\/\/www.riigiteataja.ee\/akt\/115032019012?leiaKehtiv\" target=\"_blank\" rel=\"noopener noreferrer\">Raamatupidamise seadus<\/a> \u00a7 12 Raamatupidamise algdokumente, raamatupidamisregistreid, lepinguid, raamatupidamise aruandeid ja muid \u00e4ridokumente, mis on vajalikud majandustehingute arusaadavaks kirjeldamiseks revideerimise k\u00e4igus, peab raamatupidamiskohustuslane s\u00e4ilitama seitse aastat majandusaasta l\u00f5pust alates. Eelnimetatud dokumente ja andmeid s\u00e4ilitatakse masint\u00f6\u00f6deldavalt. S\u00e4ilitatavate dokumentide ja andmete taasesitatavus kirjalikus vormis, lihttekstis loetavus ja t\u00f5endusv\u00e4\u00e4rtus peavad olema tagatud kogu s\u00e4ilitust\u00e4htaja jooksul. Dokumente ja andmeid v\u00f5ib s\u00e4ilitada muus p\u00fcsivat kirjalikku taasesitamist v\u00f5imaldavas vormis, kui raamatupidamiskohustuslasel ei ole dokumentide ja andmete masint\u00f6\u00f6deldavalt s\u00e4ilitamise v\u00f5imalust ning selle v\u00f5imaluse loomine n\u00f5uab temalt ebaproportsionaalselt suuri kulutusi v\u00f5i pingutusi.<\/li>\n<li>\u00dchingu raamatupidamise sise-eeskirja 7 aastat p\u00e4rast selle muutmist v\u00f5i asendamist.<\/li>\n<li>Pikaajalise kohustuse v\u00f5i \u00f5igusega seotud dokumente 7 aastat p\u00e4rast kehtimist\u00e4htaja m\u00f6\u00f6dumist.<\/li>\n<li><a href=\"https:\/\/www.riigiteataja.ee\/akt\/109072020004?leiaKehtiv\" target=\"_blank\" rel=\"noopener noreferrer\">T\u00f6\u00f6lepingu seadus<\/a> \u00a7 5 T\u00f6\u00f6andja s\u00e4ilitab t\u00f6\u00f6lepingut k\u00fcmme aastat t\u00f6\u00f6lepingu l\u00f5ppemisest arvates.<br \/>\nNB! Enne 7.01.2001 l\u00f5petatud t\u00f6\u00f6lepinguid ning lahkunud t\u00f6\u00f6tajate isikukaarte s\u00e4ilitatakse 75 aastat; 7.01.2001 \u2013 01.07.2009 l\u00f5petatud t\u00f6\u00f6lepinguid, t\u00f6\u00f6tajate isikukaarte ja v\u00e4lja v\u00f5tmata t\u00f6\u00f6raamatuid s\u00e4ilitatakse 50 aastat.<\/li>\n<li><a href=\"https:\/\/www.riigiteataja.ee\/akt\/109072020007?leiaKehtiv\" target=\"_blank\" rel=\"noopener noreferrer\">T\u00f6\u00f6tervishoiu ja t\u00f6\u00f6ohutuse seadus<\/a>, t\u00f6\u00f6keskkonna riskianal\u00fc\u00fcs \u00a713 lg1, t\u00f6\u00f6\u00f5nnetuse ja kutsehaigestumise andmed \u00a724 lg 5 s\u00e4ilitada 55 aastat.<\/li>\n<li><a href=\"https:\/\/www.riigiteataja.ee\/akt\/104012019011?leiaKehtiv\" target=\"_blank\" rel=\"noopener noreferrer\">Isikuandmete kaitse<\/a> seadus, mille kohaselt tuleb eesm\u00e4rkide saavutamiseks mittevajalikud isikuandmed viivitamata kustutada v\u00f5i sulgeda.\n<ul>\n<li>eesm\u00e4rkide saavutamiseks vajalikud isikuandmed peavad olema \u00f5iged ja viimases seisus<\/li>\n<li>mittet\u00e4ielikud ja eba\u00f5iged isikuandmed tuleb sulgeda ning viivitamata v\u00f5tta kasutusele vajalikud abin\u00f5ud nende t\u00e4iendamiseks ja parandamiseks<\/li>\n<li>eba\u00f5iged andmed s\u00e4ilitada m\u00e4rkusega nende kasutamise aja kohta koos \u00f5igete andmetega (puudutab eelk\u00f5ige MT\u00dc liikmete- ja osalusnimekirjasid).<\/li>\n<\/ul>\n<\/li>\n<\/ul>\n<p>&nbsp;<\/p>\n<h2>Dokumentide h\u00e4vitamine<\/h2>\n<p>Toimikud, mille s\u00e4ilitamist\u00e4htaeg on m\u00f6\u00f6dunud ja kasutamise vajadus l\u00f5ppenud, v\u00f5ib \u00fching h\u00e4vitada.<\/p>\n<p>H\u00e4vitatavad toimikud selgitage v\u00e4lja dokumentide loetelus m\u00e4\u00e4ratud s\u00e4ilitust\u00e4htaegade alusel ja need v\u00f5ib kas purustada, ribastada, p\u00f5letada v\u00f5i tellida h\u00e4vitamisteenus vastavatelt firmadelt.<\/p>\n<p>Pidage silmas, et h\u00e4vitatakse teavet, mitte \u00fcksnes kandjat: pr\u00fcgikasti viskamine ei ole h\u00e4vitamine.<\/p>\n<p>Koostage h\u00e4vitamisakt, kuhu m\u00e4rkige v\u00e4hemasti j\u00e4rgmised andmed: h\u00e4vitamisele kuuluvate toimikute pealkirjad, kogused, kuup\u00e4evad, h\u00e4vitaja nimi ning ametikoht (firma nimetus, registreerimisnumber jne). H\u00e4vitamisaktide p\u00f5hjal on \u00fchingul hiljem v\u00f5imalik teada saada, millised toimikud on h\u00e4vitatud, kui palju neid oli ja kes viis protseduuri l\u00e4bi.<\/p>\n","protected":false},"excerpt":{"rendered":"<p>Arhiiv tagab \u00fchingu ajaloo s\u00e4ilimise, v\u00f5imaldab uutel juhatuse liikmetel, ka uurijatel ja huvilistel, saada kergesti teavet juhtimisotsustest ja tegevust iseloomustavatest materjalidest. Arhiivi loomisel soovitame l\u00e4htuda algse korra austamise p\u00f5him\u00f5ttest (p\u00e4ritolup\u00f5him\u00f5tte sisemine aspekt ehk\u00a0principle of original order; Registraturprinzip), mille kohaselt\u00a0s\u00e4ilitatakse arhiivi korrastamisel kord ja liigituss\u00fcsteem, mille see sai arhiivimoodustaja asjaajamise v\u00f5i tegevuse k\u00e4igus. Kui dokumente hoitakse [&hellip;]<\/p>\n","protected":false},"author":57,"featured_media":0,"parent":518,"menu_order":7,"comment_status":"closed","ping_status":"closed","template":"","meta":{"footnotes":""},"_links":{"self":[{"href":"https:\/\/www.mtyabi.ee\/en\/wp-json\/wp\/v2\/pages\/590"}],"collection":[{"href":"https:\/\/www.mtyabi.ee\/en\/wp-json\/wp\/v2\/pages"}],"about":[{"href":"https:\/\/www.mtyabi.ee\/en\/wp-json\/wp\/v2\/types\/page"}],"author":[{"embeddable":true,"href":"https:\/\/www.mtyabi.ee\/en\/wp-json\/wp\/v2\/users\/57"}],"replies":[{"embeddable":true,"href":"https:\/\/www.mtyabi.ee\/en\/wp-json\/wp\/v2\/comments?post=590"}],"version-history":[{"count":11,"href":"https:\/\/www.mtyabi.ee\/en\/wp-json\/wp\/v2\/pages\/590\/revisions"}],"predecessor-version":[{"id":8508,"href":"https:\/\/www.mtyabi.ee\/en\/wp-json\/wp\/v2\/pages\/590\/revisions\/8508"}],"up":[{"embeddable":true,"href":"https:\/\/www.mtyabi.ee\/en\/wp-json\/wp\/v2\/pages\/518"}],"wp:attachment":[{"href":"https:\/\/www.mtyabi.ee\/en\/wp-json\/wp\/v2\/media?parent=590"}],"curies":[{"name":"wp","href":"https:\/\/api.w.org\/{rel}","templated":true}]}}