{"id":595,"date":"2016-11-23T13:54:46","date_gmt":"2016-11-23T10:54:46","guid":{"rendered":"http:\/\/dev.websystems.ee\/arenduskeskused.ee\/organisatsiooni-tegevusvoimekuse-kasvatamine\/juhtimise-korraldamine\/juhatus-ja-uldkoosolek\/?lang=en"},"modified":"2025-03-11T13:31:55","modified_gmt":"2025-03-11T10:31:55","slug":"juhatus","status":"publish","type":"page","link":"https:\/\/www.mtyabi.ee\/en\/about\/juhtimine\/juhatus\/","title":{"rendered":"Juhatuse t\u00f6\u00f6 ja \u00fcldkoosolek"},"content":{"rendered":"<p><strong>Mittetulundus\u00fchingu k\u00f5rgeimaks juhtorganiks on selle liikmete \u00fcldkoosolek. \u00dcldkoosolekul v\u00f5ivad osaleda k\u00f5ik mittetulundus\u00fchingu liikmed, kui seaduses ei ole s\u00e4testatud teisiti.<\/strong><\/p>\n<h3><strong>\u00dcldkoosolek langetab otsuseid j\u00e4rgmistes k\u00fcsimustes:<\/strong><\/h3>\n<ul>\n<li>mittetulundus\u00fchenduse p\u00f5hikirja muutmine (sh \u00fchingu nime muutmine)<\/li>\n<li>juhatuse liikme(te) m\u00e4\u00e4ramine ja tagasikutsumine<\/li>\n<li>volinike valimine ja tagasikutsumine<\/li>\n<li>juhatuse v\u00f5i muu p\u00f5hikirjaga etten\u00e4htud organi liikmega tehingu tegemise otsustamine, tehingu tingimuste m\u00e4\u00e4ramine, \u00f5igusvaidluse pidamise otsustamine ning selles tehingus v\u00f5i vaidluses mittetulundus\u00fchingu esindaja m\u00e4\u00e4ramine<\/li>\n<li>mittetulundus\u00fchenduse majandusaasta aruande kinnitamine<\/li>\n<li>\u00fchingu l\u00f5petamise, \u00fchinemise ja jagunemise otsustamine<\/li>\n<li>muude p\u00f5hikirjaga etten\u00e4htud organite liikmete valimine, kui p\u00f5hikirjas ei ole etten\u00e4htud teisiti<\/li>\n<li>muude k\u00fcsimuste otsustamine, mida ei ole seaduse v\u00f5i p\u00f5hikirjaga antud teiste organite p\u00e4devusse<\/li>\n<\/ul>\n<p>&nbsp;<\/p>\n<h3>\u00dcldkoosoleku kokkukutsumine mittetulundus\u00fchenduses<\/h3>\n<ul>\n<li>\u00dcldkoosoleku kutsub kokku mittetulundus\u00fchenduse juhatus.<\/li>\n<li>Juhatus teavitab \u00fcldkoosoleku liikmeid ette v\u00e4hemalt <strong>7 p\u00e4eva<\/strong>, kui p\u00f5hikirjaga pole ette n\u00e4htud pikem t\u00e4htaeg. Teates tuleb m\u00e4rkida mittetulundus\u00fchenduse \u00fcldkoosoleku toimumise <strong>aeg<\/strong>, <strong>koht<\/strong> ning <strong>p\u00e4evakord.<\/strong><\/li>\n<li>Kui p\u00e4rast teate v\u00e4ljastamist p\u00e4evakorda muudetakse ja soovitakse arutada ka teisi k\u00fcsimusi, siis tuleb v\u00e4lja saata kordusteade ja l\u00e4htuda 7 p\u00e4eva reeglist v\u00f5i kui p\u00f5hikirjaga on kehtestatud pikem aeg, siis sellest. Vastasel juhul ei saa lisandunud k\u00fcsimustes \u00fcldkoosolek otsuseid vastu v\u00f5tta.<\/li>\n<\/ul>\n<h3>\u00dcldkoosoleku l\u00e4biviimine ja protokollimine<\/h3>\n<ul>\n<li>p\u00f5hikirja v\u00f5ib kirjutada \u00fcldkoosoleku <strong>kvoorumi<\/strong> n\u00f5ude: m\u00e4\u00e4rata, kui suure osa mittetulundus\u00fchenduse liikmete osav\u00f5tul on \u00fcldkoosolek otsustusv\u00f5imeline<\/li>\n<li>\u00fcldkoosolekul v\u00f5ib osaleda ja h\u00e4\u00e4letada iga mittetulundus\u00fchingu liige v\u00f5i tema esindaja kirjaliku volikirja alusel. J\u00e4lgida \u00fchingu p\u00f5hikirja, kas on esindajate osas seatud piiranguid. Esindajate volikirjad lisatakse protokollile.<\/li>\n<li>\u00fcldkoosolek protokollitakse, protokollile kantakse koosoleku toimumise aeg, koht, \u00fcldkoosoleku p\u00e4evakord, <strong>MT\u00dc liikmete arv <\/strong>(muudatus j\u00f5ustunud 24.05.2020), h\u00e4\u00e4letamistulemused, vastuv\u00f5etud otsused ja muud olulised asjaolud<\/li>\n<li>protokollile kantakse ka eriarvamusele j\u00e4\u00e4nud mittetulundus\u00fchenduse liikme n\u00f5udmisel eriarvamuse sisu, mille kirjutab alla eriarvamusele j\u00e4\u00e4nud isik<\/li>\n<li>protokollile kirjutavad alla protokollija ja mittetulundus\u00fchenduse \u00fcldkoosoleku juhataja<\/li>\n<li>protokolli lahutamatuks osaks on \u00fcldkoosolekul osalenute nimekiri koos iga\u00fche allkirjaga (kui on osalejaid, kes ei ole f\u00fc\u00fcsiliselt kohal, vaid osalevad m\u00f5ne e-lahenduse kaudu, siis nende allkirju pole vaja ja selliselt osalenute nimed lisab koosoleku juhataja- 24.05.2020 uuendus) ning \u00fcldkoosolekule esitatud kirjalikud ettepanekud ja avaldused<\/li>\n<li>\u00fcldkoosoleku otsus on vastu v\u00f5etud, kui selle poolt h\u00e4\u00e4letab <strong>\u00fcle poole<\/strong> koosolekul osalenud mittetulundus\u00fchenduse liikmetest v\u00f5i nende esindajatest, kui p\u00f5hikirjaga pole ette n\u00e4htud suurema h\u00e4\u00e4lteenamuse n\u00f5uet.<\/li>\n<li>p\u00e4rast <strong>14 p\u00e4eva<\/strong> m\u00f6\u00f6dumist \u00fcldkoosoleku l\u00f5ppemisest peab protokoll olema liikmetele k\u00e4ttesaadav<\/li>\n<\/ul>\n<h3><strong>MT\u00dc otsuse vastu v\u00f5tmine \u00fcldkoosolekut kokku kutsumata<\/strong><\/h3>\n<ul>\n<li>Sellisel juhul koosolekut \u00fcldse ei peetagi, liikmetele saadetakse h\u00e4\u00e4letamiseks lihtsalt otsuse eeln\u00f5u;<\/li>\n<li>Sellist v\u00f5imalust v\u00f5ib kasutada, kui \u00fchingu p\u00f5hikiri seda ei keela;<\/li>\n<li><strong>24.05.2020 j\u00f5ustunud muudatusega kadus \u00e4ra senine n\u00f5ue kirjalikule koosolekule, et selle otsuse poolt peavad h\u00e4\u00e4letama k\u00f5ik \u00fchingu liikmed;<\/strong><\/li>\n<li>Otsus loetakse vastu v\u00f5etuks, kui selle poolt on \u00fcle poole antud h\u00e4\u00e4ltest, kui seaduse v\u00f5i p\u00f5hikirjaga ei ole ette n\u00e4htud suuremat h\u00e4\u00e4lteenamuse n\u00f5uet;<\/li>\n<li>Eeln\u00f5u suhtes h\u00e4\u00e4letamiseks peab liikmetele andma aega v\u00e4hemalt 7 p\u00e4eva (kui p\u00f5hikiri ei n\u00e4e ette pikemat t\u00e4htaega);<\/li>\n<li>Kui MT\u00dc p\u00f5hikirjas on \u00fcldkoosolekule seatud kvoorumi n\u00f5ue, siis see laieneb ka taolisele, e-lahenduste kaudu toimunud otsustamistele.<\/li>\n<\/ul>\n<h3>Juhatuse liikmete vahetamine\/muutmine mittetulundus\u00fchenduses<\/h3>\n<blockquote><p>Kui mittetulundus\u00fchendusele on valitud uus juhatus, tuleb muuta ka kannet e-\u00e4riregistris.<\/p><\/blockquote>\n<p>Kande muutmiseks tuleb registrile esitada \u00fchenduse \u00fcldkoosoleku protokoll ja otsus.<br \/>\n<a href=\"https:\/\/ariregister.rik.ee\/est\">E-\u00e4riregistris<\/a> juhatuse liikmete muutmiskannet tehes on vajalik, et selle allkirjastavad k\u00f5ik uued juhatuse liikmed. Juhatuse liikmete muutmise aluseks on mittetulundus\u00fchenduse \u00fcldkoosoleku protokoll. Kui \u00fcldkoosolekul otsustati ka muid asju, siis peab registrile esitama \u00fcldkoosoleku protokollist eraldi v\u00e4lja toodud otsuse, kus on v\u00e4lja toodud, kes mittetulundus\u00fchenduse juhatuse liikmetest tagasi kutsuti v\u00f5i tagasi astus \u00a0ja kes uuteks valiti. \u00dcldkoosoleku protokolli ja otsuse peavad allkirjastama koosoleku juhataja ja protokollija.<\/p>\n<p>Vaata siit, kuidas juhatuse liikmete muutmiskannet e-\u00e4riregistris teha: <a href=\"https:\/\/www.mtyabi.ee\/wp-content\/uploads\/2022\/02\/Andmete-muutmine-juhatuse-liige_080222.pdf\">Juhatuse liikmete vahetus Ettev\u00f5tjaportaalis<\/a><\/p>\n<p>&nbsp;<\/p>\n<h3>P\u00f5hikirja muutmine<\/h3>\n<ul>\n<li>p\u00f5hikirja muutmine kuulub \u00fcldkoosoleku p\u00e4devusse, \u00fcldkoosolekul tuleb k\u00f5ik muudetavad punktid l\u00e4bi arutada ja kinnitada ning seej\u00e4rel registrile esitada.<\/li>\n<li>\u00fcldkoosoleku otsus p\u00f5hikirja muutmiseks on vastu v\u00f5etud, kui selle poolt on h\u00e4\u00e4letanud <strong>\u00fcle 2\/3 \u00fcldkoosolekul osalenud mittetulundus\u00fchenduse liikmetest<\/strong> v\u00f5i nende esindajatest, kui p\u00f5hikirjaga pole ette n\u00e4htud suurema h\u00e4\u00e4lteenamuse n\u00f5uet<\/li>\n<li>p\u00f5hikirjas oleva eesm\u00e4rgi muutmiseks on vajalik v\u00e4hemalt <strong>9\/10 mittetulundus\u00fchenduse liikmete n\u00f5usolek<\/strong>, kui p\u00f5hikirjaga pole ette n\u00e4htud suurema h\u00e4\u00e4lteenamuse n\u00f5uet. Koosolekul mitteosalenud liikmete n\u00f5usolek peab olema esitatud kirjalikult<\/li>\n<li>p\u00f5hikirja muutus j\u00f5ustub peale selle registrisse kandmist<\/li>\n<li>registrile teeb kandeavalduse mittetulundus\u00fchenduse juhatus, esitades p\u00f5hikirja muutmise kande aluseks oleva \u00fcldkoosoleku protokolli ja uue p\u00f5hikirja teksti. P\u00f5hikirja uuele tekstile peab alla kirjutama v\u00e4hemalt \u00fcks juhatuse liige v\u00f5i kui juhatuse liikmed on \u00f5igustatud \u00fchingut esindama ainult \u00fchiselt, siis k\u00f5ik \u00fchiselt esindama \u00f5igustatud juhatuse liikmed<\/li>\n<\/ul>\n<p>Juhendi e-\u00e4riregistris p\u00f5hikirja muutmiskande tegemiseks: <a href=\"https:\/\/www.mtyabi.ee\/wp-content\/uploads\/2021\/11\/Andmete-muutmine-pohikirja-muutus.pdf\">Ettev\u00f5tjaportaalis p\u00f5hikirja muutmise juhis<\/a><\/p>\n<p>&nbsp;<\/p>\n<p><strong>24. mai 2020 j\u00f5ustus seaduse muudatus, mille kaudu saavad \u00fchendused oma t\u00f6\u00f6d e-koosolekute kaudu lihtsamaks muuta.<\/strong>\u00a0 Vaata kokkuv\u00f5tet siit <a href=\"https:\/\/www.mtyabi.ee\/wp-content\/uploads\/2020\/05\/Vaba\u00fchendused-ja-e-koosolek.docx\">Vaba\u00fchendused ja e-koosolek<\/a><\/p>\n","protected":false},"excerpt":{"rendered":"<p>Mittetulundus\u00fchingu k\u00f5rgeimaks juhtorganiks on selle liikmete \u00fcldkoosolek. \u00dcldkoosolekul v\u00f5ivad osaleda k\u00f5ik mittetulundus\u00fchingu liikmed, kui seaduses ei ole s\u00e4testatud teisiti. \u00dcldkoosolek langetab otsuseid j\u00e4rgmistes k\u00fcsimustes: mittetulundus\u00fchenduse p\u00f5hikirja muutmine (sh \u00fchingu nime muutmine) juhatuse liikme(te) m\u00e4\u00e4ramine ja tagasikutsumine volinike valimine ja tagasikutsumine juhatuse v\u00f5i muu p\u00f5hikirjaga etten\u00e4htud organi liikmega tehingu tegemise otsustamine, tehingu tingimuste m\u00e4\u00e4ramine, \u00f5igusvaidluse pidamise [&hellip;]<\/p>\n","protected":false},"author":48,"featured_media":0,"parent":518,"menu_order":3,"comment_status":"closed","ping_status":"closed","template":"","meta":{"footnotes":""},"_links":{"self":[{"href":"https:\/\/www.mtyabi.ee\/en\/wp-json\/wp\/v2\/pages\/595"}],"collection":[{"href":"https:\/\/www.mtyabi.ee\/en\/wp-json\/wp\/v2\/pages"}],"about":[{"href":"https:\/\/www.mtyabi.ee\/en\/wp-json\/wp\/v2\/types\/page"}],"author":[{"embeddable":true,"href":"https:\/\/www.mtyabi.ee\/en\/wp-json\/wp\/v2\/users\/48"}],"replies":[{"embeddable":true,"href":"https:\/\/www.mtyabi.ee\/en\/wp-json\/wp\/v2\/comments?post=595"}],"version-history":[{"count":37,"href":"https:\/\/www.mtyabi.ee\/en\/wp-json\/wp\/v2\/pages\/595\/revisions"}],"predecessor-version":[{"id":8085,"href":"https:\/\/www.mtyabi.ee\/en\/wp-json\/wp\/v2\/pages\/595\/revisions\/8085"}],"up":[{"embeddable":true,"href":"https:\/\/www.mtyabi.ee\/en\/wp-json\/wp\/v2\/pages\/518"}],"wp:attachment":[{"href":"https:\/\/www.mtyabi.ee\/en\/wp-json\/wp\/v2\/media?parent=595"}],"curies":[{"name":"wp","href":"https:\/\/api.w.org\/{rel}","templated":true}]}}