{"id":626,"date":"2016-11-22T15:17:56","date_gmt":"2016-11-22T12:17:56","guid":{"rendered":"http:\/\/dev.websystems.ee\/arenduskeskused.ee\/organisatsiooni-arendamine\/arengu-noustamine\/arenguvajaduse-kaardistamine\/?lang=en"},"modified":"2023-04-28T14:36:42","modified_gmt":"2023-04-28T11:36:42","slug":"projektitoetused","status":"publish","type":"page","link":"https:\/\/www.mtyabi.ee\/en\/about\/rahastamine\/projektitoetused\/","title":{"rendered":"Projektitoetused"},"content":{"rendered":"<p><strong>Projekt on kindla eesm\u00e4rgi saavutamisele suunatud ajas ja ruumis piiritletud \u00fchekordne tegevus v\u00f5i tegevuste kogum, mille elluviimiseks toetust taotletakse v\u00f5i kasutatakse.<\/strong><\/p>\n<p>Projektitoetuse kaudu ei toetata vaba\u00fchingu tavap\u00e4raseid aastast aastasse korduvaid tegevusi. Kindlasti on need vajalikud tegevused ja vajavad rahastamist, kuid sisuliselt ei ole tegemist projektiga ja seda ei rahastata projektitoetuste kaudu. Projekti tulemus on teatud l\u00f5petatus \u2013 millegi saavutamine.<\/p>\n<p>J\u00e4rgnevalt anname l\u00fchikese \u00fclevaate projekitoetustega seotud m\u00f5istest. Projekti koostamise kohta on palju abimaterjali. Soovitame abivahendina kasutada Kodaniku\u00fchiskonna Sihtkapitali (K\u00dcSK) p\u00f5hjalikku <a href=\"http:\/\/www.kysk.ee\/failid\/File\/taotluse-meneltlemine\/Abiks%20vaba%C3%BChingutele%20toetuse%20taotlemisel_180713.pdf\" target=\"_blank\" rel=\"noopener\">\u201eVaba\u00fchingu projektitaotluse koostamise juhendit\u201c<\/a>.<\/p>\n<blockquote><p>Projektide koostamise teemal olete oodatud ka tasuta n\u00f5ustamisele <a href=\"https:\/\/www.makis.ee\/kusi-nou\/maakondlikud-konsultandid\/\">maakondlikku arenduskeskusesse<\/a>.<\/p><\/blockquote>\n<p><strong>Projekti eesm\u00e4rk<\/strong> &#8211; vaba\u00fchingu liikmete, juhatuse v\u00f5i projekti koostajate ettevaatavalt n\u00e4htuna olukord, seisund, tase v\u00f5i muutus v\u00f5rreldes olemasolevaga, mida mingi perioodi (projekti) l\u00f5puks tahetakse saavutada. Eesm\u00e4rk seatakse probleemi p\u00f5hjuste k\u00f5rvaldamiseks v\u00f5i leevendamiseks.<\/p>\n<p>Eesm\u00e4rkide saavutamise kaudu soovitakse m\u00f5jutada probleemide lahendamist ja muutusi olemasolevas olukorras. <strong>Eesm\u00e4rk ei ole tegevus, vaid tulemus!<\/strong> Eesm\u00e4rgi s\u00f5nastus peab vastama k\u00fcsimusele, mis muutub, kui seatud eesm\u00e4rgi saavutame.<\/p>\n<p><strong>Probleem<\/strong> on \u00fclesanne, mis vajab lahendamist. Probleemi lahendamine eeldab, et on v\u00e4lja selgitatud probleemi p\u00f5hjused, mida k\u00f5rvaldades v\u00f5i muutes saavutame lahenduse &#8211; eesm\u00e4rgi.<\/p>\n<p>\u00dchingu poolt projekti elluviimise vajadust aitavad p\u00f5hjendada k\u00fcla, piirkonna, valla ja\/v\u00f5i riigi vastavates arengukavades olevad anal\u00fc\u00fcsid ja kavandatud tegevused. Neist dokumentidest tuleb tuua esile, mis neis toetab \u00fchingu eesm\u00e4rkide saavutamise vajadust. Avalikest vahenditest rahastajad annavad toetusi ennek\u00f5ike vastavates riiklikes ja\/v\u00f5i omavalituste dokumentides seatud eesm\u00e4rkide saavutamiseks. \u00dchine samasuunaline huvi on oluline tegur taotluse rahuldamisel. Olulisteks p\u00f5hjendamise allikateks on ka uuringud, k\u00fcsitlused, eelmise projekti asjakohane v\u00e4ljund ja\/v\u00f5i tulemused jmt.<\/p>\n<p><strong>Sihtr\u00fchm<\/strong> on inimesed, kelle huvides \u00fching tegutseb. Nendeks v\u00f5ivad olla \u00fchingu liikmed, toetajad ja\/v\u00f5i vabatahtlikud, ja nende olemasoluga saab \u00fching \u00f5igustada oma tegevuse vajalikkust.<\/p>\n<p><strong>Kasusaajad<\/strong> on inimesed ja\/v\u00f5i organisatsioonid, kes projekti tulemustest saavad vahetu kasu. Projekti tegevused on suunatud neile ja see kutsub esile teatud muutusi nende elu- v\u00f5i tegevuse kvaliteedis, oskustes, kogemustes, k\u00e4itumises, suhtumistes, hoiakutes ning nad hakkavad neid tulemusi kasutama.<\/p>\n<p><strong>V\u00e4ljund <\/strong>on tegevuste tulem, tulemi kirjeldus, toode, loodud v\u00f5i soetatud v\u00e4\u00e4rus, vara, mis on m\u00f5\u00f5detav v\u00f5i registreeritav ja mille kaudu on v\u00f5imalik m\u00f5jutada \u00fcmbrust.<\/p>\n<p><strong>Indikaator <\/strong>on mingi n\u00e4htuse olemasolu n\u00e4itaja, vahend mingi suuruse ligikaudseks m\u00f5\u00f5tmiseks.<\/p>\n<p><strong>M\u00f5ju <\/strong>on praeguse olukorra muutus projekti tegevuste tulemusel. M\u00f5ju hinnatakse k\u00f5rvutades algtaset projekti elluviimisel kujunenud olukorraga. Seda nii eesm\u00e4rgi seadmise ajal kui ka hiljem projekti elluviimise j\u00e4rgselt.<\/p>\n<p><strong>Abik\u00f5lblik kulu<\/strong> on kulu, mis on p\u00f5hjendatud, m\u00f5istlik ja projekti elluviimiseks vajalik ning tehtud koosk\u00f5las taotlusvooru tingimustes s\u00e4testatud n\u00f5uetega. Topeltrahastamisest hoidumiseks ei ole abik\u00f5lblikud kulud Euroopa Liidu, v\u00e4lisabi, teistest Eesti riigi v\u00f5i teistest sihtotstarbeliselt eraldatud vahenditest tehtud kulud. Erandite korral on need s\u00e4testatud taotlustingimustes v\u00f5i tuleb need toetuse andjaga kokku leppida.<\/p>\n<p><strong>Omafinantseering<\/strong> on toetuse saaja rahaline v\u00f5i rahaliselt m\u00f5\u00f5detav panus projekti, mis kajastub projekti eelarves.<\/p>\n<p>&nbsp;<\/p>\n<h2>Vaata ka:<\/h2>\n<ul>\n<li><a href=\"https:\/\/www.mtyabi.ee\/wp-content\/uploads\/2017\/03\/Kodaniku\u00fchiskonna-l\u00fchis\u00f5nastik.pdf\" target=\"_blank\" rel=\"noopener\">Kodaniku\u00fchiskonna l\u00fchis\u00f5nastik<\/a><\/li>\n<li>K\u00e4siraamat: <a href=\"http:\/\/media.voog.com\/0000\/0037\/7761\/files\/Uhiskondliku_moju_hindamise_kasiraamat.pdf\" target=\"_blank\" rel=\"noopener\">Kodaniku\u00fchenduste \u00fchiskondlik m\u00f5ju hindamine<\/a><\/li>\n<li>K\u00e4siraamat alustajale: <a href=\"http:\/\/heakodanik.ee\/sites\/default\/files\/files\/ProjektiraamatWEB.pdf\" target=\"_blank\" rel=\"noopener\">Koosta oma projektitaotlus<\/a><\/li>\n<li><a href=\"https:\/\/www.mtyabi.ee\/wp-content\/uploads\/2022\/03\/Projektikirjutamise-ABC.pdf\" target=\"_blank\" rel=\"noopener\">Projektikirjutamise ABC<\/a><\/li>\n<\/ul>\n","protected":false},"excerpt":{"rendered":"<p>Projekt on kindla eesm\u00e4rgi saavutamisele suunatud ajas ja ruumis piiritletud \u00fchekordne tegevus v\u00f5i tegevuste kogum, mille elluviimiseks toetust taotletakse v\u00f5i kasutatakse. Projektitoetuse kaudu ei toetata vaba\u00fchingu tavap\u00e4raseid aastast aastasse korduvaid tegevusi. Kindlasti on need vajalikud tegevused ja vajavad rahastamist, kuid sisuliselt ei ole tegemist projektiga ja seda ei rahastata projektitoetuste kaudu. Projekti tulemus on teatud [&hellip;]<\/p>\n","protected":false},"author":51,"featured_media":0,"parent":533,"menu_order":5,"comment_status":"closed","ping_status":"closed","template":"","meta":{"footnotes":""},"_links":{"self":[{"href":"https:\/\/www.mtyabi.ee\/en\/wp-json\/wp\/v2\/pages\/626"}],"collection":[{"href":"https:\/\/www.mtyabi.ee\/en\/wp-json\/wp\/v2\/pages"}],"about":[{"href":"https:\/\/www.mtyabi.ee\/en\/wp-json\/wp\/v2\/types\/page"}],"author":[{"embeddable":true,"href":"https:\/\/www.mtyabi.ee\/en\/wp-json\/wp\/v2\/users\/51"}],"replies":[{"embeddable":true,"href":"https:\/\/www.mtyabi.ee\/en\/wp-json\/wp\/v2\/comments?post=626"}],"version-history":[{"count":8,"href":"https:\/\/www.mtyabi.ee\/en\/wp-json\/wp\/v2\/pages\/626\/revisions"}],"predecessor-version":[{"id":7170,"href":"https:\/\/www.mtyabi.ee\/en\/wp-json\/wp\/v2\/pages\/626\/revisions\/7170"}],"up":[{"embeddable":true,"href":"https:\/\/www.mtyabi.ee\/en\/wp-json\/wp\/v2\/pages\/533"}],"wp:attachment":[{"href":"https:\/\/www.mtyabi.ee\/en\/wp-json\/wp\/v2\/media?parent=626"}],"curies":[{"name":"wp","href":"https:\/\/api.w.org\/{rel}","templated":true}]}}