{"id":652,"date":"2016-11-18T08:09:32","date_gmt":"2016-11-18T06:09:32","guid":{"rendered":"http:\/\/dev.websystems.ee\/arenduskeskused.ee\/siseveeb\/?lang=ru"},"modified":"2025-01-21T17:11:44","modified_gmt":"2025-01-21T14:11:44","slug":"siseveeb","status":"publish","type":"page","link":"https:\/\/www.mtyabi.ee\/ru\/siseveeb\/","title":{"rendered":"Siseveeb"},"content":{"rendered":"<p>K\u00f5ik see siin on tehtud, m\u00f5eldes Sulle. Siseveebist saad:<\/p>\n<ul>\n<li><a href=\"\/siseveeb\/minu-sundmused\/sundmuse-lisamine\/\">lisada s\u00fcndmust\/t\u00e4htaega<\/a><\/li>\n<li><a href=\"\/siseveeb\/minu-sundmused\/\">vaadata enda lisatud s\u00fcndmusi\/t\u00e4htaegu, neid muuta ja kustutada<\/a><\/li>\n<li><a href=\"\/siseveeb\/vajalikud-dokumendid\/\">vaadata ja alla laadida k\u00f5iki olulisi dokumente, mis Sinu t\u00f6\u00f6ks vajalikud &#8212; aruandevormid, koosolekute-koolituste ajakava jm<\/a><\/li>\n<\/ul>\n<p>Kui soovid muuta m\u00f5ne artikli sisu, kasuta <a href=\"\/wp-admin\">t\u00f6\u00f6lauda<\/a>.<\/p>\n<p>Head surfamist!<\/p>\n<p>Kaoke ja K\u00dcSK<\/p>\n","protected":false},"excerpt":{"rendered":"<p>K\u00f5ik see siin on tehtud, m\u00f5eldes Sulle. Siseveebist saad: lisada s\u00fcndmust\/t\u00e4htaega vaadata enda lisatud s\u00fcndmusi\/t\u00e4htaegu, neid muuta ja kustutada vaadata ja alla laadida k\u00f5iki olulisi dokumente, mis Sinu t\u00f6\u00f6ks vajalikud &#8212; aruandevormid, koosolekute-koolituste ajakava jm Kui soovid muuta m\u00f5ne artikli sisu, kasuta t\u00f6\u00f6lauda. Head surfamist! Kaoke ja K\u00dcSK<\/p>\n","protected":false},"author":1,"featured_media":0,"parent":0,"menu_order":98,"comment_status":"closed","ping_status":"closed","template":"page-siseveeb.php","meta":{"footnotes":""},"_links":{"self":[{"href":"https:\/\/www.mtyabi.ee\/ru\/wp-json\/wp\/v2\/pages\/652"}],"collection":[{"href":"https:\/\/www.mtyabi.ee\/ru\/wp-json\/wp\/v2\/pages"}],"about":[{"href":"https:\/\/www.mtyabi.ee\/ru\/wp-json\/wp\/v2\/types\/page"}],"author":[{"embeddable":true,"href":"https:\/\/www.mtyabi.ee\/ru\/wp-json\/wp\/v2\/users\/1"}],"replies":[{"embeddable":true,"href":"https:\/\/www.mtyabi.ee\/ru\/wp-json\/wp\/v2\/comments?post=652"}],"version-history":[{"count":12,"href":"https:\/\/www.mtyabi.ee\/ru\/wp-json\/wp\/v2\/pages\/652\/revisions"}],"predecessor-version":[{"id":7973,"href":"https:\/\/www.mtyabi.ee\/ru\/wp-json\/wp\/v2\/pages\/652\/revisions\/7973"}],"wp:attachment":[{"href":"https:\/\/www.mtyabi.ee\/ru\/wp-json\/wp\/v2\/media?parent=652"}],"curies":[{"name":"wp","href":"https:\/\/api.w.org\/{rel}","templated":true}]}}